{"id":902,"date":"2020-03-07T12:02:04","date_gmt":"2020-03-07T12:02:04","guid":{"rendered":"https:\/\/riggo.de\/?page_id=902"},"modified":"2020-03-12T14:28:45","modified_gmt":"2020-03-12T14:28:45","slug":"was-du-wirklich-willst","status":"publish","type":"page","link":"https:\/\/riggo.de\/index.php\/was-du-wirklich-willst\/","title":{"rendered":"Was du wirklich willst!"},"content":{"rendered":"<div class=\"fusion-fullwidth fullwidth-box fusion-builder-row-1 nonhundred-percent-fullwidth non-hundred-percent-height-scrolling\" style=\"--awb-border-radius-top-left:0px;--awb-border-radius-top-right:0px;--awb-border-radius-bottom-right:0px;--awb-border-radius-bottom-left:0px;--awb-margin-top:0px;--awb-flex-wrap:wrap;\" ><div class=\"fusion-builder-row fusion-row\"><div class=\"fusion-layout-column fusion_builder_column fusion-builder-column-0 fusion_builder_column_1_1 1_1 fusion-one-full fusion-column-first fusion-column-last\" style=\"--awb-bg-size:cover;\"><div class=\"fusion-column-wrapper fusion-column-has-shadow fusion-flex-column-wrapper-legacy\"><div class=\"fusion-image-element in-legacy-container\" style=\"--awb-caption-title-font-family:var(--h2_typography-font-family);--awb-caption-title-font-weight:var(--h2_typography-font-weight);--awb-caption-title-font-style:var(--h2_typography-font-style);--awb-caption-title-size:var(--h2_typography-font-size);--awb-caption-title-transform:var(--h2_typography-text-transform);--awb-caption-title-line-height:var(--h2_typography-line-height);--awb-caption-title-letter-spacing:var(--h2_typography-letter-spacing);\"><span class=\" fusion-imageframe imageframe-none imageframe-1 hover-type-zoomout\" style=\"border:1px solid #000000;\"><img decoding=\"async\" width=\"1920\" height=\"1240\" title=\"girl-1245835_1920\" src=\"https:\/\/riggo.de\/wp-content\/uploads\/2020\/03\/girl-1245835_1920.jpg\" alt class=\"img-responsive wp-image-949\" srcset=\"https:\/\/riggo.de\/wp-content\/uploads\/2020\/03\/girl-1245835_1920-200x129.jpg 200w, https:\/\/riggo.de\/wp-content\/uploads\/2020\/03\/girl-1245835_1920-400x258.jpg 400w, https:\/\/riggo.de\/wp-content\/uploads\/2020\/03\/girl-1245835_1920-600x388.jpg 600w, https:\/\/riggo.de\/wp-content\/uploads\/2020\/03\/girl-1245835_1920-800x517.jpg 800w, https:\/\/riggo.de\/wp-content\/uploads\/2020\/03\/girl-1245835_1920-1200x775.jpg 1200w, https:\/\/riggo.de\/wp-content\/uploads\/2020\/03\/girl-1245835_1920.jpg 1920w\" sizes=\"(max-width: 800px) 100vw, 1200px\" \/><\/span><\/div><div class=\"fusion-content-boxes content-boxes columns row fusion-columns-3 fusion-columns-total-3 fusion-content-boxes-1 content-boxes-icon-with-title content-left\" style=\"--awb-title-color:#ffffff;--awb-hover-accent-color:#c6226c;--awb-circle-hover-accent-color:#c6226c;\" data-animationOffset=\"top-into-view\"><div style=\"--awb-backgroundcolor:#910a64;\" class=\"fusion-column content-box-column content-box-column content-box-column-1 col-lg-4 col-md-4 col-sm-4 fusion-content-box-hover content-box-column-first-in-row\"><div class=\"col content-box-wrapper content-wrapper-background link-area-link-icon icon-hover-animation-pulsate fusion-animated\" data-animationType=\"fadeInLeft\" data-animationDuration=\"0.9\" data-animationOffset=\"top-into-view\"><div class=\"heading heading-with-icon icon-left\"><div class=\"icon\"><i style=\"border-color:#ad1f5f;border-width:0px;background-color:#fcf12a;box-sizing:content-box;height:84px;width:84px;line-height:84px;border-radius:50%;font-size:42px;\" aria-hidden=\"true\" class=\"fontawesome-icon fa-heart far circle-yes fa-flip-vertical\"><\/i><\/div><h1 class=\"content-box-heading fusion-responsive-typography-calculated\" style=\"--h1_typography-font-size:30px;--fontSize:30;line-height:1.4;\">DAS GL\u00dcCK FESTHALTEN<\/h1><\/div><div class=\"fusion-clearfix\"><\/div><div class=\"content-container\">\n<p style=\"text-align: justify;\"><em><span style=\"color: #ffffff;\"><b><span style=\"font-size: 17px;\" data-fusion-font=\"true\"><span style=\"font-size: 14px;\" data-fusion-font=\"true\"><span style=\"line-height: 27px; font-family: 'Yanone Kaffeesatz'; font-weight: 400; font-size: 22px; letter-spacing: normal;\" data-fusion-font=\"true\" data-fusion-google-font=\"Yanone Kaffeesatz\" data-fusion-google-variant=\"400\" data-fusion-google-subset=\"latin\">Es gab in deinem Leben einen Moment, <\/span><span style=\"font-size: 22px; line-height: 27px; font-family: 'Yanone Kaffeesatz'; font-weight: 400; letter-spacing: normal;\" data-fusion-font=\"true\" data-fusion-google-font=\"Yanone Kaffeesatz\" data-fusion-google-variant=\"400\" data-fusion-google-subset=\"latin\">indem du dich absolut gro\u00dfartig gef\u00fchlt hast<\/span><\/span><\/span><span style=\"font-size: 22px; line-height: 27px; font-family: 'Yanone Kaffeesatz'; font-weight: 400; letter-spacing: normal;\" data-fusion-font=\"true\" data-fusion-google-font=\"Yanone Kaffeesatz\" data-fusion-google-variant=\"400\" data-fusion-google-subset=\"latin\">!<\/span><\/b><\/span><\/em><\/p>\n<p><span style=\"color: #ffffff;\"><b style=\"font-size: 23px;\" data-fusion-font=\"true\">&#8222;DER BESTE MOMENT <span style=\"color: #7fef3e;\">IN DEINEM LEBEN.<\/span>&#8222;<\/b><\/span><\/p>\n<blockquote>\n<p><span style=\"color: #ffffff;\"><b style=\"color: #89056a;\">Du hattest so viel Power, so viel Enthusiasmus, so viel Zuversicht &#8211; So viel mehr von dem, was du sonst in deinem Leben kennst!<\/b><\/span><\/p>\n<\/blockquote>\n<p><span style=\"color: #ffffff;\">Stell dir vor, du k\u00f6nntest diesen Moment einfrieren und zu einem Dauerzustand in deinem Leben machen \u2013 beliebig abrufbar, replizierbar wie ein L\u00e4cheln, ein Wort das leicht \u00fcber deine Lippen geht..<\/span><\/p>\n<p><span style=\"color: #ffffff;\"><u><span style=\"font-size: 17px;\" data-fusion-font=\"true\">Stell dir dieses Gef\u00fchl nun als Basis, als der dauerhaft bestehender Grundstein deines neuen Lebens vor!<\/span><\/u><\/span><\/p>\n<p><span style=\"color: #ffffff;\">Du startest morgens mit diesem unbeschreiblich guten Gef\u00fchl in den Tag und steigerst so dein Wohlbefinden in Dimensionen, die dir bislang noch v\u00f6llig unbekannt sind<\/span><span style=\"color: #ffffff;\"><u><span style=\"font-size: 17px;\" data-fusion-font=\"true\"><br \/>\n<\/span><\/u><\/span><\/p>\n<div><\/div>\n<\/div><\/div><\/div><div style=\"--awb-backgroundcolor:#c1c1c1;\" class=\"fusion-column content-box-column content-box-column content-box-column-2 col-lg-4 col-md-4 col-sm-4 fusion-content-box-hover \"><div class=\"col content-box-wrapper content-wrapper-background link-area-link-icon icon-hover-animation-pulsate fusion-animated\" data-animationType=\"slideInLeft\" data-animationDuration=\"1.0\" data-animationOffset=\"top-into-view\"><div class=\"heading heading-with-icon icon-left\"><div class=\"icon\"><i style=\"border-color:#ad1f5f;border-width:0px;background-color:#ad1f5f;box-sizing:content-box;height:84px;width:84px;line-height:84px;border-radius:50%;font-size:42px;\" aria-hidden=\"true\" class=\"fontawesome-icon fa-gem far circle-yes\"><\/i><\/div><h1 class=\"content-box-heading fusion-responsive-typography-calculated\" style=\"--h1_typography-font-size:30px;--fontSize:30;line-height:1.4;\">DEINE WAHRE BESTIMMUNG FINDEN<\/h1><\/div><div class=\"fusion-clearfix\"><\/div><div class=\"content-container\">\n<p>Zudem gibt es deine eigene, wahre Bestimmung im Leben, etwas, eine zielgerichtete T\u00e4tigkeit, die Dich absolut erf\u00fcllt.<\/p>\n<p>Du spr\u00fchst vor Innovation, Tatendrang und purer Lebensfreude, <span style=\"font-family: var(--body_typography-font-family); font-size: var(--body_typography-font-size); font-style: var(--body_typography-font-style,normal); font-weight: var(--body_typography-font-weight); letter-spacing: var(--body_typography-letter-spacing);\">du vergisst dabei die Zeit, es scheint unglaublich &#8211; du bist am Ziel deiner Tr\u00e4ume. Du hast ihn endlich gefunden !<\/span><\/p>\n<blockquote>\n<p><span style=\"font-family: var(--body_typography-font-family); font-size: var(--body_typography-font-size); font-style: var(--body_typography-font-style,normal); letter-spacing: var(--body_typography-letter-spacing);\"><b> <span style=\"color: rgb(255, 33, 33); font-family: 'Work Sans'; font-weight: 400; font-size: 19px;\" data-fusion-font=\"true\" data-fusion-google-font=\"Work Sans\" data-fusion-google-variant=\"400\" data-fusion-google-subset=\"latin\">DER WAHRE SINN IN DEINEM LEBEN.<\/span><\/b><\/span><\/p>\n<\/blockquote>\n<p><span style=\"font-family: var(--body_typography-font-family); font-size: var(--body_typography-font-size); font-style: var(--body_typography-font-style,normal); font-weight: var(--body_typography-font-weight); letter-spacing: var(--body_typography-letter-spacing);\"> Ein immerw\u00e4hrender Moment, anhaltender Freude, indem du genau das erlebst, was du schon immer wolltest, aber was du nie genau definieren konntest. Du lernst diese besondere M\u00f6glichkeit, dich voll zu erfahren, deine nat\u00fcrliche Pers\u00f6nlichkeit voll entfalten zu k\u00f6nnen endlich kennen und lieben. Es geht um dein Potential, deine wahre Meisterschaft. Sie wird zum wahren Mittelpunkt deines Lebens werden und untrennbar mit deiner Zukunft und einem gl\u00fccklichen und erf\u00fcllten Leben verschmelzen. Du wirst dadurch unendliche Dankbarkeit, Selbstliebe und ein dauerhaftes Gl\u00fccksgef\u00fchl erfahren. Nie gab es Jemanden, der besser wahr und sein k\u00f6nnte als Du Selbst! Nie zuvor gab es eine bessere Zeit in deinem Leben!<\/span><\/p>\n<\/div><\/div><\/div><div style=\"--awb-backgroundcolor:#ffb326;\" class=\"fusion-column content-box-column content-box-column content-box-column-3 col-lg-4 col-md-4 col-sm-4 fusion-content-box-hover content-box-column-last content-box-column-last-in-row\"><div class=\"col content-box-wrapper content-wrapper-background link-area-link-icon icon-hover-animation-pulsate fusion-animated\" data-animationType=\"rubberBand\" data-animationDuration=\"1.0\" data-animationOffset=\"top-into-view\"><div class=\"heading heading-with-icon icon-left\"><div class=\"icon\"><i style=\"border-color:#ad1f5f;border-width:0px;background-color:#ad1f5f;box-sizing:content-box;height:84px;width:84px;line-height:84px;border-radius:50%;font-size:42px;\" aria-hidden=\"true\" class=\"fontawesome-icon fa-user-check fas circle-yes\"><\/i><\/div><h1 class=\"content-box-heading fusion-responsive-typography-calculated\" style=\"--h1_typography-font-size:30px;--fontSize:30;line-height:1.4;\">DEIN WAHRES POTENTIAL ERKENNEN und ERFAHREN WER DU WIRKLICH BIST!<\/h1><\/div><div class=\"fusion-clearfix\"><\/div><div class=\"content-container\">\n<p style=\"color: #ffffff;\"><span style=\"color: #000000;\"><span style=\"color: #ffffff;\"><span style=\"color: rgb(0, 72, 155);\">Die dritte Sache ist weitaus bedeutender.<\/span> Es geht um <u>das gr\u00f6\u00dfte Geheimnis der Menschheit<\/u>, einen wahren Schatz, den goldenen Gr<span style=\"color: rgb(255, 255, 255);\">al<\/span><\/span><span style=\"color: rgb(255, 255, 255);\">.<\/span><\/span><\/p>\n<blockquote>\n<p><span style=\"color: #800080;\"><b>ER er\u00f6ffnet DIR<\/b><\/span><\/p>\n<p style=\"text-align: center;\"><b data-fusion-font=\"true\" style=\"color: rgb(128, 0, 128); background-color: var(--testimonial_bg_color); font-family: Amaranth; letter-spacing: normal; font-size: 33px; line-height: 5px; font-weight: 700;\" data-fusion-google-font=\"Amaranth\" data-fusion-google-variant=\"700\" data-fusion-google-subset=\"latin\">intelligente<\/b><\/p>\n<p style=\"text-align: center;\"><b data-fusion-font=\"true\" style=\"color: rgb(128, 0, 128); background-color: var(--testimonial_bg_color); font-family: Amaranth; letter-spacing: normal; font-size: 34px; line-height: 5px; font-weight: 700;\" data-fusion-google-font=\"Amaranth\" data-fusion-google-variant=\"700\" data-fusion-google-subset=\"latin\">\u221e<\/b><span style=\"color: rgb(128, 0, 128); background-color: var(--testimonial_bg_color); font-family: Amaranth; font-size: var(--body_typography-font-size); font-weight: 700; letter-spacing: var(--body_typography-letter-spacing);\" data-fusion-font=\"true\" data-fusion-google-font=\"Amaranth\" data-fusion-google-variant=\"700\" data-fusion-google-subset=\"latin\"> <\/span><\/p>\n<p><span style=\"color: rgb(128, 0, 128); background-color: var(--testimonial_bg_color); font-family: var(--body_typography-font-family); font-size: var(--body_typography-font-size); letter-spacing: var(--body_typography-letter-spacing);\"><b data-fusion-font=\"true\" data-fusion-google-font=\"Work Sans\" data-fusion-google-variant=\"200\" data-fusion-google-subset=\"latin\" style=\"font-family: 'Work Sans'; font-weight: 200; font-size: 22px;\">d.h. unglaubliche &amp; ungeahnte M\u00f6glichkeiten<\/b><\/span><\/p>\n<\/blockquote>\n<p style=\"color: #ffffff;\"><span style=\"color: #000000;\"><span style=\"color: rgb(238, 0, 255);\"><b>Du bist der Einzige<\/b><\/span> der den Schl\u00fcssel kennt, die F\u00e4higkeit besitzt, deine individuelle Codierung daf\u00fcr zu knacken. Niemand kann dir wirklich helfen. Du willst, wirst und kannst es nur alleine tun.<\/span><\/p>\n<p style=\"color: #ffffff;\"><span style=\"color: #ffffff;\">Dieser unglaubliche Schatz liegt dort vergraben, wo dein gr\u00f6\u00dftes Potential verborgen liegt \u2013 in Dir Selbst \u2013 Das <b style=\"color: rgb(28, 54, 255);\">RIGGO Netzwerk<\/b>, hilft dir diesen Schatz zu bergen und f\u00fchrt dich durch die Dunkelheit in dein wahres Licht; <span style=\"color: rgb(206, 41, 134);\">RIGGO<\/span> ist eine Affirmation, die dir v\u00f6llig dient. Unser globales Bewusstsein, liefert individuelle, ma\u00dfgeschneiderte Werkzeuge und Perspektiven, alles was du f\u00fcr deine Fragen ben\u00f6tigst \u2013<\/span><\/p>\n<p style=\"color: #ffffff;\"><span style=\"color: #ffffff;\">Der Mensch ist eine K\u00f6rper \u2013 Geist \u2013 SEELE \u2013 Komplex. Du nutzt und kennst gerade mal 1 % deiner nat\u00fcrlichen F\u00e4higkeiten.<\/span><\/p>\n<p style=\"color: #ffffff;\"><span style=\"color: #ffffff;\"><span style=\"color: rgb(188, 0, 103);\"><b>DAS RIGGO KONZEPT,<\/b><\/span> gibt dir alle Werkzeuge zur Hand mit der Arbeit zu beginnen. Mach dich auf eine spannende unterhaltsame Reise, um dich Selbst etwas n\u00e4her kennen zu lernen und du wirst \u00fcberrascht sein, welchen unvorstellbar reichen Schatz du in dir tr\u00e4gst und wer du in Wirklichkeit bist bzw. sein kannst.<\/span><\/p>\n<p style=\"color: #ffffff;\"><span style=\"color: #000000;\"><b><u>Dein Ursprung<\/u><\/b> verbindet alles Leben im Universum und f\u00fchrt dazu, das du dein erweitertes Bewusstsein &amp; dein volles Potential wiedererlangst und zu deiner wahren Bestimmung wirst.<\/span><\/p>\n<\/div><\/div><\/div><div class=\"fusion-clearfix\"><\/div><\/div><div class=\"fusion-clearfix\"><\/div><\/div><\/div><\/div><\/div>\n","protected":false},"excerpt":{"rendered":"","protected":false},"author":1,"featured_media":0,"parent":0,"menu_order":0,"comment_status":"closed","ping_status":"closed","template":"100-width.php","meta":{"_price":"","_stock":"","_tribe_ticket_header":"","_tribe_default_ticket_provider":"","_ticket_start_date":"","_ticket_end_date":"","_tribe_ticket_show_description":"","_tribe_ticket_show_not_going":false,"_tribe_ticket_use_global_stock":"","_tribe_ticket_global_stock_level":"","_global_stock_mode":"","_global_stock_cap":"","_tribe_rsvp_for_event":"","_tribe_ticket_going_count":"","_tribe_ticket_not_going_count":"","_tribe_tickets_list":"[]","_tribe_ticket_has_attendee_info_fields":false,"footnotes":"","_tec_slr_enabled":"","_tec_slr_layout":""},"class_list":["post-902","page","type-page","status-publish","hentry"],"jetpack_sharing_enabled":true,"ticketed":false,"_links":{"self":[{"href":"https:\/\/riggo.de\/index.php\/wp-json\/wp\/v2\/pages\/902","targetHints":{"allow":["GET"]}}],"collection":[{"href":"https:\/\/riggo.de\/index.php\/wp-json\/wp\/v2\/pages"}],"about":[{"href":"https:\/\/riggo.de\/index.php\/wp-json\/wp\/v2\/types\/page"}],"author":[{"embeddable":true,"href":"https:\/\/riggo.de\/index.php\/wp-json\/wp\/v2\/users\/1"}],"replies":[{"embeddable":true,"href":"https:\/\/riggo.de\/index.php\/wp-json\/wp\/v2\/comments?post=902"}],"version-history":[{"count":38,"href":"https:\/\/riggo.de\/index.php\/wp-json\/wp\/v2\/pages\/902\/revisions"}],"predecessor-version":[{"id":950,"href":"https:\/\/riggo.de\/index.php\/wp-json\/wp\/v2\/pages\/902\/revisions\/950"}],"wp:attachment":[{"href":"https:\/\/riggo.de\/index.php\/wp-json\/wp\/v2\/media?parent=902"}],"curies":[{"name":"wp","href":"https:\/\/api.w.org\/{rel}","templated":true}]}}