{"id":1272,"date":"2020-03-30T19:10:15","date_gmt":"2020-03-30T19:10:15","guid":{"rendered":"https:\/\/riggo.de\/?page_id=1272"},"modified":"2023-03-30T14:28:25","modified_gmt":"2023-03-30T14:28:25","slug":"jobs-und-freie-aufgaben","status":"publish","type":"page","link":"https:\/\/riggo.de\/index.php\/jobs-und-freie-aufgaben\/","title":{"rendered":"JOBS und Netzwerkarbeit"},"content":{"rendered":"<div class=\"fusion-fullwidth fullwidth-box fusion-builder-row-1 nonhundred-percent-fullwidth non-hundred-percent-height-scrolling\" style=\"--awb-border-radius-top-left:0px;--awb-border-radius-top-right:0px;--awb-border-radius-bottom-right:0px;--awb-border-radius-bottom-left:0px;--awb-padding-bottom:0px;--awb-padding-left:0px;--awb-margin-top:0px;--awb-flex-wrap:wrap;\" ><div class=\"fusion-builder-row fusion-row\"><div class=\"fusion-layout-column fusion_builder_column fusion-builder-column-0 fusion_builder_column_1_1 1_1 fusion-one-full fusion-column-first fusion-column-last\" style=\"--awb-bg-size:cover;\"><div class=\"fusion-column-wrapper fusion-column-has-shadow fusion-flex-column-wrapper-legacy\"><div class=\"fusion-builder-row fusion-builder-row-inner fusion-row\"><div class=\"fusion-layout-column fusion_builder_column_inner fusion-builder-nested-column-0 fusion_builder_column_inner_1_4 1_4 fusion-one-fourth fusion-column-first\" style=\"--awb-padding-top:192px;--awb-bg-size:cover;width:25%;width:calc(25% - ( ( 4% ) * 0.25 ) );margin-right: 4%;\"><div class=\"fusion-column-wrapper fusion-column-has-shadow fusion-flex-column-wrapper-legacy\"><div class=\"fusion-image-element in-legacy-container\" style=\"--awb-caption-title-font-family:var(--h2_typography-font-family);--awb-caption-title-font-weight:var(--h2_typography-font-weight);--awb-caption-title-font-style:var(--h2_typography-font-style);--awb-caption-title-size:var(--h2_typography-font-size);--awb-caption-title-transform:var(--h2_typography-text-transform);--awb-caption-title-line-height:var(--h2_typography-line-height);--awb-caption-title-letter-spacing:var(--h2_typography-letter-spacing);\"><span class=\" fusion-imageframe imageframe-none imageframe-1 hover-type-none\"><img decoding=\"async\" width=\"400\" height=\"290\" title=\"meeting-1453895_1280\" src=\"https:\/\/riggo.de\/wp-content\/uploads\/2020\/03\/meeting-1453895_1280-400x290.png\" alt class=\"img-responsive wp-image-1274\" srcset=\"https:\/\/riggo.de\/wp-content\/uploads\/2020\/03\/meeting-1453895_1280-200x145.png 200w, https:\/\/riggo.de\/wp-content\/uploads\/2020\/03\/meeting-1453895_1280-400x290.png 400w, https:\/\/riggo.de\/wp-content\/uploads\/2020\/03\/meeting-1453895_1280-600x435.png 600w, https:\/\/riggo.de\/wp-content\/uploads\/2020\/03\/meeting-1453895_1280-800x581.png 800w, https:\/\/riggo.de\/wp-content\/uploads\/2020\/03\/meeting-1453895_1280-1200x871.png 1200w, https:\/\/riggo.de\/wp-content\/uploads\/2020\/03\/meeting-1453895_1280.png 1280w\" sizes=\"(max-width: 800px) 100vw, 400px\" \/><\/span><\/div><div class=\"fusion-clearfix\"><\/div><\/div><\/div><div class=\"fusion-layout-column fusion_builder_column_inner fusion-builder-nested-column-1 fusion_builder_column_inner_3_4 3_4 fusion-three-fourth fusion-column-last\" style=\"--awb-padding-top:24px;--awb-bg-size:cover;width:75%;width:calc(75% - ( ( 4% ) * 0.75 ) );\"><div class=\"fusion-column-wrapper fusion-column-has-shadow fusion-flex-column-wrapper-legacy\"><div class=\"fusion-content-boxes content-boxes columns row fusion-columns-1 fusion-columns-total-1 fusion-content-boxes-1 content-boxes-icon-with-title content-left\" style=\"--awb-hover-accent-color:#c6226c;--awb-circle-hover-accent-color:#c6226c;--awb-item-margin-bottom:40px;\" data-animationOffset=\"top-into-view\"><div style=\"--awb-backgroundcolor:transparent;\" class=\"fusion-column content-box-column content-box-column content-box-column-1 col-lg-12 col-md-12 col-sm-12 fusion-content-box-hover content-box-column-last content-box-column-last-in-row\"><div class=\"col content-box-wrapper content-wrapper link-area-link-icon icon-hover-animation-pulsate\" data-animationOffset=\"top-into-view\"><div class=\"heading icon-left\"><h2 class=\"content-box-heading fusion-responsive-typography-calculated\" style=\"--h2_typography-font-size:20px;--fontSize:20;line-height:1.4;\">UNSER NETZWERK LEBT VON MIT(MACHERN) <\/h2><\/div><div class=\"fusion-clearfix\"><\/div><div class=\"content-container\">\n<p><img decoding=\"async\" class=\"alignright size-fusion-400 wp-image-1279\" src=\"https:\/\/riggo.de\/wp-content\/uploads\/2020\/03\/woman-draw-a-light-bulb-in-white-board-3758105-400x426.jpg\" alt=\"\" width=\"400\" height=\"426\" srcset=\"https:\/\/riggo.de\/wp-content\/uploads\/2020\/03\/woman-draw-a-light-bulb-in-white-board-3758105-200x213.jpg 200w, https:\/\/riggo.de\/wp-content\/uploads\/2020\/03\/woman-draw-a-light-bulb-in-white-board-3758105-282x300.jpg 282w, https:\/\/riggo.de\/wp-content\/uploads\/2020\/03\/woman-draw-a-light-bulb-in-white-board-3758105-400x426.jpg 400w, https:\/\/riggo.de\/wp-content\/uploads\/2020\/03\/woman-draw-a-light-bulb-in-white-board-3758105-600x638.jpg 600w, https:\/\/riggo.de\/wp-content\/uploads\/2020\/03\/woman-draw-a-light-bulb-in-white-board-3758105.jpg 640w\" sizes=\"(max-width: 400px) 100vw, 400px\" \/>Egal ob du der perfekte Teamplayer und Motivator oder eher Individualist und Spezialist bist, du bist perfekt, so wie du es f\u00fcr Dich entscheidest!<\/p>\n<p>WIR SUCHEN <b style=\"color: #b70000;\">HERZENSMENSCHEN<\/b>, die unseren Gedanken <b style=\"color: #870000;\"><span style=\"color: #a50000;\">in Liebe<\/span> <\/b>weiter vorantreiben.<\/p>\n<p>Personen, die Ihr<b> <span style=\"color: #0d0b77;\">eigenes Projekt<\/span><\/b> betreiben und auf <strong><a href=\"https:\/\/www.imneuensein.de\/\">ImNeuenSein.de<\/a><\/strong> vernetzen wollen <u>oder<\/u> die direkt im <span style=\"color: #531f60;\"><b>RIGGO Netzwerkverbund lokal oder Online \u00fcber <a href=\"https:\/\/www.meinneuessein.de\/\">MeinNeuesSein.de<\/a><\/b><\/span>\u00a0f\u00fcr andere t\u00e4tig sein wollen.<\/p>\n<p>Jeder Mensch hat eine Bestimmung, ein Talent, etwas was er besonders gut kann und etwas was ihn antreibt, ihn erf\u00fcllt. Da unser Netzwerk davon lebt, das jeder genau das macht, was er am Besten kann &amp; was er von Herzen geben oder erreichen m\u00f6chte, suchen wir engagierte und motivierte freie Mitarbeiter und Herzensmenschen die Ihren freien, individuellen Beitrag selbstst\u00e4ndig auf Ihre pers\u00f6nliche Art l\u00f6sen k\u00f6nnen oder die gerne in Gruppen einen bestimmten Workflow zusammen perfektionieren wollen.<\/p>\n<p style=\"color: #000930;\"><b style=\"color: #29407c;\">Hier findest du alle freien Stellen oder Jobs, die wir zur Zeit unbedingt besetzten wollen.<\/b><\/p>\n<p>Falls du dennoch freie Kapazit\u00e4ten hast oder Irgendetwas anbieten m\u00f6chtest &#8211; wir bitten dich sehr darum.<\/p>\n<\/div><\/div><\/div><div class=\"fusion-clearfix\"><\/div><\/div><div class=\"fusion-clearfix\"><\/div><\/div><\/div><div class=\"fusion-layout-column fusion_builder_column_inner fusion-builder-nested-column-2 fusion_builder_column_inner_1_1 1_1 fusion-one-full fusion-column-first fusion-column-last\" style=\"--awb-bg-size:cover;\"><div class=\"fusion-column-wrapper fusion-column-has-shadow fusion-flex-column-wrapper-legacy\"><div class=\"fusion-sep-clear\"><\/div><div class=\"fusion-separator fusion-full-width-sep\" style=\"margin-left: auto;margin-right: auto;margin-bottom:20px;width:100%;\"><div class=\"fusion-separator-border sep-single sep-solid\" style=\"--awb-height:20px;--awb-amount:20px;border-color:#e0dede;border-top-width:4px;\"><\/div><\/div><div class=\"fusion-sep-clear\"><\/div><div class=\"fusion-clearfix\"><\/div><\/div><\/div><div class=\"fusion-layout-column fusion_builder_column_inner fusion-builder-nested-column-3 fusion_builder_column_inner_1_4 1_4 fusion-one-fourth fusion-column-first\" style=\"--awb-bg-size:cover;width:25%;width:calc(25% - ( ( 4% ) * 0.25 ) );margin-right: 4%;\"><div class=\"fusion-column-wrapper fusion-column-has-shadow fusion-flex-column-wrapper-legacy\"><div class=\"fusion-image-element in-legacy-container\" style=\"--awb-caption-title-font-family:var(--h2_typography-font-family);--awb-caption-title-font-weight:var(--h2_typography-font-weight);--awb-caption-title-font-style:var(--h2_typography-font-style);--awb-caption-title-size:var(--h2_typography-font-size);--awb-caption-title-transform:var(--h2_typography-text-transform);--awb-caption-title-line-height:var(--h2_typography-line-height);--awb-caption-title-letter-spacing:var(--h2_typography-letter-spacing);\"><span class=\" fusion-imageframe imageframe-none imageframe-2 hover-type-none\"><img decoding=\"async\" width=\"400\" height=\"225\" title=\"apps-business-cellphone-cellular-telephone-533446\" src=\"https:\/\/riggo.de\/wp-content\/uploads\/2020\/03\/apps-business-cellphone-cellular-telephone-533446-400x225.jpg\" alt class=\"img-responsive wp-image-1276\" srcset=\"https:\/\/riggo.de\/wp-content\/uploads\/2020\/03\/apps-business-cellphone-cellular-telephone-533446-200x113.jpg 200w, https:\/\/riggo.de\/wp-content\/uploads\/2020\/03\/apps-business-cellphone-cellular-telephone-533446-400x225.jpg 400w, https:\/\/riggo.de\/wp-content\/uploads\/2020\/03\/apps-business-cellphone-cellular-telephone-533446-600x338.jpg 600w, https:\/\/riggo.de\/wp-content\/uploads\/2020\/03\/apps-business-cellphone-cellular-telephone-533446.jpg 640w\" sizes=\"(max-width: 800px) 100vw, 400px\" \/><\/span><\/div><div class=\"fusion-image-element in-legacy-container\" style=\"--awb-caption-title-font-family:var(--h2_typography-font-family);--awb-caption-title-font-weight:var(--h2_typography-font-weight);--awb-caption-title-font-style:var(--h2_typography-font-style);--awb-caption-title-size:var(--h2_typography-font-size);--awb-caption-title-transform:var(--h2_typography-text-transform);--awb-caption-title-line-height:var(--h2_typography-line-height);--awb-caption-title-letter-spacing:var(--h2_typography-letter-spacing);\"><span class=\" fusion-imageframe imageframe-none imageframe-3 hover-type-none\"><img decoding=\"async\" width=\"400\" height=\"266\" title=\"woman-coding-on-computer-3861958\" src=\"https:\/\/riggo.de\/wp-content\/uploads\/2020\/03\/woman-coding-on-computer-3861958-400x266.jpg\" alt class=\"img-responsive wp-image-1282\" srcset=\"https:\/\/riggo.de\/wp-content\/uploads\/2020\/03\/woman-coding-on-computer-3861958-200x133.jpg 200w, https:\/\/riggo.de\/wp-content\/uploads\/2020\/03\/woman-coding-on-computer-3861958-400x266.jpg 400w, https:\/\/riggo.de\/wp-content\/uploads\/2020\/03\/woman-coding-on-computer-3861958-600x399.jpg 600w, https:\/\/riggo.de\/wp-content\/uploads\/2020\/03\/woman-coding-on-computer-3861958.jpg 640w\" sizes=\"(max-width: 800px) 100vw, 400px\" \/><\/span><\/div><div class=\"fusion-clearfix\"><\/div><\/div><\/div><div class=\"fusion-layout-column fusion_builder_column_inner fusion-builder-nested-column-4 fusion_builder_column_inner_3_4 3_4 fusion-three-fourth fusion-column-last\" style=\"--awb-padding-top:26px;--awb-bg-size:cover;width:75%;width:calc(75% - ( ( 4% ) * 0.75 ) );\"><div class=\"fusion-column-wrapper fusion-column-has-shadow fusion-flex-column-wrapper-legacy\"><div class=\"fusion-content-boxes content-boxes columns row fusion-columns-1 fusion-columns-total-1 fusion-content-boxes-2 content-boxes-icon-with-title content-left\" style=\"--awb-hover-accent-color:#c6226c;--awb-circle-hover-accent-color:#c6226c;--awb-item-margin-bottom:40px;\" data-animationOffset=\"top-into-view\"><div style=\"--awb-backgroundcolor:transparent;\" class=\"fusion-column content-box-column content-box-column content-box-column-1 col-lg-12 col-md-12 col-sm-12 fusion-content-box-hover content-box-column-last content-box-column-last-in-row\"><div class=\"col content-box-wrapper content-wrapper link-area-link-icon icon-hover-animation-pulsate\" data-animationOffset=\"top-into-view\"><div class=\"heading heading-with-icon icon-left\"><div class=\"icon\"><i style=\"border-color:#ad1f5f;border-width:0px;background-color:#ad1f5f;box-sizing:content-box;height:84px;width:84px;line-height:84px;border-radius:50%;font-size:42px;\" aria-hidden=\"true\" class=\"fontawesome-icon fa-users fas circle-yes\"><\/i><\/div><h2 class=\"content-box-heading fusion-responsive-typography-calculated\" style=\"--h2_typography-font-size:20px;--fontSize:20;line-height:1.4;\">SOCIAL MEDIA TEAM<\/h2><\/div><div class=\"fusion-clearfix\"><\/div><div class=\"content-container\">\n<p>Wir gr\u00fcnden gerade ein RIGGO Social Media Team,<\/p>\n<p>Die Aufgaben sind die Verkn\u00fcpfung &#8211; bereits bestehender unabh\u00e4ngiger Kan\u00e4le zu einem globalen Content System, zus\u00e4tzliche die Implementierung unseres Contents in verschiedenen Social Media Plattformen und Medien Kan\u00e4le.<\/p>\n<p>Die Betreuung und Vernetzung zu Millionen von privaten, unabh\u00e4ngigen Mitgliederaccounts, welche sich jeden Tag mit unseren Netzwerk verbinden oder bereits verbunden haben und die tragende Kraft unseres Netzwerks sind.<\/p>\n<\/div><\/div><\/div><div class=\"fusion-clearfix\"><\/div><\/div><div class=\"fusion-clearfix\"><\/div><\/div><\/div><div class=\"fusion-layout-column fusion_builder_column_inner fusion-builder-nested-column-5 fusion_builder_column_inner_1_1 1_1 fusion-one-full fusion-column-first fusion-column-last\" style=\"--awb-bg-size:cover;\"><div class=\"fusion-column-wrapper fusion-column-has-shadow fusion-flex-column-wrapper-legacy\"><div class=\"fusion-sep-clear\"><\/div><div class=\"fusion-separator fusion-full-width-sep\" style=\"margin-left: auto;margin-right: auto;width:100%;\"><div class=\"fusion-separator-border sep-single sep-solid\" style=\"--awb-height:20px;--awb-amount:20px;border-color:#e0dede;border-top-width:4px;\"><\/div><\/div><div class=\"fusion-sep-clear\"><\/div><div class=\"fusion-clearfix\"><\/div><\/div><\/div><div class=\"fusion-layout-column fusion_builder_column_inner fusion-builder-nested-column-6 fusion_builder_column_inner_4_5 4_5 fusion-four-fifth fusion-column-first fusion-column-inner-bg-wrapper\" style=\"--awb-padding-top:35px;--awb-padding-left:46px;--awb-inner-bg-color:#ffffff;--awb-inner-bg-color-hover:#ffffff;--awb-inner-bg-size:cover;--awb-border-color:#ad1f5f;--awb-border-top:0;--awb-border-right:0;--awb-border-bottom:0;--awb-border-left:0;--awb-border-style:solid;width:80%;width:calc(80% - ( ( 4% ) * 0.8 ) );margin-right: 4%;\"><span class=\"fusion-column-inner-bg hover-type-zoomin\"><span class=\"fusion-column-anchor\"><span class=\"fusion-column-inner-bg-image\"><\/span><\/span><\/span><div class=\"fusion-column-wrapper fusion-column-has-shadow fusion-flex-column-wrapper-legacy\"><div class=\"fusion-content-boxes content-boxes columns row fusion-columns-1 fusion-columns-total-1 fusion-content-boxes-3 content-boxes-icon-with-title content-left\" style=\"--awb-hover-accent-color:#c6226c;--awb-circle-hover-accent-color:#c6226c;--awb-item-margin-bottom:40px;\" data-animationOffset=\"top-into-view\"><div style=\"--awb-backgroundcolor:transparent;\" class=\"fusion-column content-box-column content-box-column content-box-column-1 col-lg-12 col-md-12 col-sm-12 fusion-content-box-hover content-box-column-last content-box-column-last-in-row\"><div class=\"col content-box-wrapper content-wrapper link-area-link-icon icon-hover-animation-pulsate\" data-animationOffset=\"top-into-view\"><div class=\"heading heading-with-icon icon-left\"><div class=\"icon\"><i style=\"border-color:#ad1f5f;border-width:0px;background-color:#ad1f5f;box-sizing:content-box;height:84px;width:84px;line-height:84px;border-radius:50%;font-size:42px;\" aria-hidden=\"true\" class=\"fontawesome-icon fa-network-wired fas circle-yes\"><\/i><\/div><h2 class=\"content-box-heading fusion-responsive-typography-calculated\" style=\"--h2_typography-font-size:20px;--fontSize:20;line-height:1.4;\">Wir suchen freie Netzwerk Entwickler<\/h2><\/div><div class=\"fusion-clearfix\"><\/div><div class=\"content-container\">\n<p>Deine Aufgabe ist es alleine oder zusammen im Team Ideen und L\u00f6sungen zur globalen Bewusstseins-Vernetzung zu schaffen.<\/p>\n<p>Es geht um sinnvolle Anwendungen f\u00fcr mobile Daten\u00fcbertragung, wie Apps, Tools, Netzwerkl\u00f6sungen die f\u00fcr jeden offen, frei und kostenlos zug\u00e4nglich sein sollen und die den Lebensablauf bereichern und vereinfachen sollen.<\/p>\n<\/div><\/div><\/div><div class=\"fusion-clearfix\"><\/div><\/div><div class=\"fusion-clearfix\"><\/div><\/div><\/div><div class=\"fusion-layout-column fusion_builder_column_inner fusion-builder-nested-column-7 fusion_builder_column_inner_1_5 1_5 fusion-one-fifth fusion-column-last\" style=\"--awb-padding-top:57px;--awb-bg-size:cover;width:20%;width:calc(20% - ( ( 4% ) * 0.2 ) );\"><div class=\"fusion-column-wrapper fusion-column-has-shadow fusion-flex-column-wrapper-legacy\"><div class=\"fusion-image-element in-legacy-container\" style=\"--awb-caption-title-font-family:var(--h2_typography-font-family);--awb-caption-title-font-weight:var(--h2_typography-font-weight);--awb-caption-title-font-style:var(--h2_typography-font-style);--awb-caption-title-size:var(--h2_typography-font-size);--awb-caption-title-transform:var(--h2_typography-text-transform);--awb-caption-title-line-height:var(--h2_typography-line-height);--awb-caption-title-letter-spacing:var(--h2_typography-letter-spacing);\"><span class=\" fusion-imageframe imageframe-none imageframe-4 hover-type-none\"><img decoding=\"async\" width=\"400\" height=\"266\" title=\"whiteboard-sketching-design-planning-7366\" src=\"https:\/\/riggo.de\/wp-content\/uploads\/2020\/03\/whiteboard-sketching-design-planning-7366-400x266.jpg\" alt class=\"img-responsive wp-image-1283\" srcset=\"https:\/\/riggo.de\/wp-content\/uploads\/2020\/03\/whiteboard-sketching-design-planning-7366-200x133.jpg 200w, https:\/\/riggo.de\/wp-content\/uploads\/2020\/03\/whiteboard-sketching-design-planning-7366-400x266.jpg 400w, https:\/\/riggo.de\/wp-content\/uploads\/2020\/03\/whiteboard-sketching-design-planning-7366-600x399.jpg 600w, https:\/\/riggo.de\/wp-content\/uploads\/2020\/03\/whiteboard-sketching-design-planning-7366.jpg 640w\" sizes=\"(max-width: 800px) 100vw, 400px\" \/><\/span><\/div><div class=\"fusion-clearfix\"><\/div><\/div><\/div><div class=\"fusion-layout-column fusion_builder_column_inner fusion-builder-nested-column-8 fusion_builder_column_inner_1_1 1_1 fusion-one-full fusion-column-first fusion-column-last\" style=\"--awb-bg-size:cover;\"><div class=\"fusion-column-wrapper fusion-column-has-shadow fusion-flex-column-wrapper-legacy\"><div class=\"fusion-sep-clear\"><\/div><div class=\"fusion-separator fusion-full-width-sep\" style=\"margin-left: auto;margin-right: auto;width:100%;\"><div class=\"fusion-separator-border sep-single sep-solid\" style=\"--awb-height:20px;--awb-amount:20px;border-color:#e0dede;border-top-width:4px;\"><\/div><\/div><div class=\"fusion-sep-clear\"><\/div><div class=\"fusion-clearfix\"><\/div><\/div><\/div><div class=\"fusion-layout-column fusion_builder_column_inner fusion-builder-nested-column-9 fusion_builder_column_inner_4_5 4_5 fusion-four-fifth fusion-column-first fusion-column-inner-bg-wrapper\" style=\"--awb-padding-top:35px;--awb-padding-left:46px;--awb-inner-bg-color:#ffffff;--awb-inner-bg-color-hover:#ffffff;--awb-inner-bg-size:cover;--awb-border-color:#ad1f5f;--awb-border-top:0;--awb-border-right:0;--awb-border-bottom:0;--awb-border-left:0;--awb-border-style:solid;width:80%;width:calc(80% - ( ( 4% ) * 0.8 ) );margin-right: 4%;\"><span class=\"fusion-column-inner-bg hover-type-zoomin\"><span class=\"fusion-column-anchor\"><span class=\"fusion-column-inner-bg-image\"><\/span><\/span><\/span><div class=\"fusion-column-wrapper fusion-column-has-shadow fusion-flex-column-wrapper-legacy\"><div class=\"fusion-content-boxes content-boxes columns row fusion-columns-1 fusion-columns-total-1 fusion-content-boxes-4 content-boxes-icon-with-title content-left\" style=\"--awb-hover-accent-color:#c6226c;--awb-circle-hover-accent-color:#c6226c;--awb-item-margin-bottom:40px;\" data-animationOffset=\"top-into-view\"><div style=\"--awb-backgroundcolor:transparent;\" class=\"fusion-column content-box-column content-box-column content-box-column-1 col-lg-12 col-md-12 col-sm-12 fusion-content-box-hover content-box-column-last content-box-column-last-in-row\"><div class=\"col content-box-wrapper content-wrapper link-area-link-icon icon-hover-animation-pulsate\" data-animationOffset=\"top-into-view\"><div class=\"heading heading-with-icon icon-left\"><div class=\"icon\"><i style=\"border-color:#ad1f5f;border-width:0px;background-color:#ad1f5f;box-sizing:content-box;height:84px;width:84px;line-height:84px;border-radius:50%;font-size:42px;\" aria-hidden=\"true\" class=\"fontawesome-icon fa-link fas circle-yes\"><\/i><\/div><h2 class=\"content-box-heading fusion-responsive-typography-calculated\" style=\"--h2_typography-font-size:20px;--fontSize:20;line-height:1.4;\">Du hast ein eigenes Projekt zur Bewusstseinserweiterung, Pers\u00f6nlichkeitsbildung, bist K\u00fcnstler, oder hilfst nur gerne deinem N\u00e4chsten, neue Dinge zu schaffen und die Welt zu erfahren oder zu einem Erlebnis zu machen. - Hier bist du richtig!<\/h2><\/div><div class=\"fusion-clearfix\"><\/div><div class=\"content-container\">\n<p>Wir haben alle das Selbe Ziel: ALLEN MENSCHEN IN LIEBE ZU DIENSTEN SEIN &#8211; egal ob sie ihr Projekt oder Service bzw. Dienstleistung finanziell, auf Spendenbasis oder kostenlos betreiben.<span style=\"color: #333333;\"><strong> N\u00e4chsten Liebe und F\u00fcrsorge, sollte die treibende Kraft sein.<\/strong><\/span> Vernetzen Sie sich mit uns und lassen Sie uns gemeinsam \u00fcber die Integration und m\u00f6gliche Vernetzungen sprechen.<\/p>\n<\/div><\/div><\/div><div class=\"fusion-clearfix\"><\/div><\/div><div class=\"fusion-clearfix\"><\/div><\/div><\/div><div class=\"fusion-layout-column fusion_builder_column_inner fusion-builder-nested-column-10 fusion_builder_column_inner_1_5 1_5 fusion-one-fifth fusion-column-last\" style=\"--awb-padding-top:57px;--awb-bg-size:cover;width:20%;width:calc(20% - ( ( 4% ) * 0.2 ) );\"><div class=\"fusion-column-wrapper fusion-column-has-shadow fusion-flex-column-wrapper-legacy\"><div class=\"fusion-image-element in-legacy-container\" style=\"--awb-caption-title-font-family:var(--h2_typography-font-family);--awb-caption-title-font-weight:var(--h2_typography-font-weight);--awb-caption-title-font-style:var(--h2_typography-font-style);--awb-caption-title-size:var(--h2_typography-font-size);--awb-caption-title-transform:var(--h2_typography-text-transform);--awb-caption-title-line-height:var(--h2_typography-line-height);--awb-caption-title-letter-spacing:var(--h2_typography-letter-spacing);\"><span class=\" fusion-imageframe imageframe-none imageframe-5 hover-type-none\"><img decoding=\"async\" width=\"400\" height=\"199\" title=\"photo-of-people-beside-table-3734617\" src=\"https:\/\/riggo.de\/wp-content\/uploads\/2020\/03\/photo-of-people-beside-table-3734617-1-400x199.jpg\" alt class=\"img-responsive wp-image-1289\" srcset=\"https:\/\/riggo.de\/wp-content\/uploads\/2020\/03\/photo-of-people-beside-table-3734617-1-200x99.jpg 200w, https:\/\/riggo.de\/wp-content\/uploads\/2020\/03\/photo-of-people-beside-table-3734617-1-400x199.jpg 400w, https:\/\/riggo.de\/wp-content\/uploads\/2020\/03\/photo-of-people-beside-table-3734617-1-600x298.jpg 600w, https:\/\/riggo.de\/wp-content\/uploads\/2020\/03\/photo-of-people-beside-table-3734617-1.jpg 640w\" sizes=\"(max-width: 800px) 100vw, 400px\" \/><\/span><\/div><div class=\"fusion-clearfix\"><\/div><\/div><\/div><\/div><div class=\"fusion-clearfix\"><\/div><\/div><\/div><\/div><\/div>\n","protected":false},"excerpt":{"rendered":"","protected":false},"author":1,"featured_media":1273,"parent":0,"menu_order":0,"comment_status":"closed","ping_status":"closed","template":"","meta":{"_price":"","_stock":"","_tribe_ticket_header":"","_tribe_default_ticket_provider":"","_ticket_start_date":"","_ticket_end_date":"","_tribe_ticket_show_description":"","_tribe_ticket_show_not_going":false,"_tribe_ticket_use_global_stock":"","_tribe_ticket_global_stock_level":"","_global_stock_mode":"","_global_stock_cap":"","_tribe_rsvp_for_event":"","_tribe_ticket_going_count":"","_tribe_ticket_not_going_count":"","_tribe_tickets_list":"[]","_tribe_ticket_has_attendee_info_fields":false,"footnotes":"","_tec_slr_enabled":"","_tec_slr_layout":""},"class_list":["post-1272","page","type-page","status-publish","has-post-thumbnail","hentry"],"jetpack_sharing_enabled":true,"ticketed":false,"_links":{"self":[{"href":"https:\/\/riggo.de\/index.php\/wp-json\/wp\/v2\/pages\/1272","targetHints":{"allow":["GET"]}}],"collection":[{"href":"https:\/\/riggo.de\/index.php\/wp-json\/wp\/v2\/pages"}],"about":[{"href":"https:\/\/riggo.de\/index.php\/wp-json\/wp\/v2\/types\/page"}],"author":[{"embeddable":true,"href":"https:\/\/riggo.de\/index.php\/wp-json\/wp\/v2\/users\/1"}],"replies":[{"embeddable":true,"href":"https:\/\/riggo.de\/index.php\/wp-json\/wp\/v2\/comments?post=1272"}],"version-history":[{"count":12,"href":"https:\/\/riggo.de\/index.php\/wp-json\/wp\/v2\/pages\/1272\/revisions"}],"predecessor-version":[{"id":1857,"href":"https:\/\/riggo.de\/index.php\/wp-json\/wp\/v2\/pages\/1272\/revisions\/1857"}],"wp:featuredmedia":[{"embeddable":true,"href":"https:\/\/riggo.de\/index.php\/wp-json\/wp\/v2\/media\/1273"}],"wp:attachment":[{"href":"https:\/\/riggo.de\/index.php\/wp-json\/wp\/v2\/media?parent=1272"}],"curies":[{"name":"wp","href":"https:\/\/api.w.org\/{rel}","templated":true}]}}