{"id":1041,"date":"2020-03-20T17:13:40","date_gmt":"2020-03-20T17:13:40","guid":{"rendered":"https:\/\/riggo.de\/?page_id=1041"},"modified":"2020-04-03T16:11:09","modified_gmt":"2020-04-03T16:11:09","slug":"dein-potential","status":"publish","type":"page","link":"https:\/\/riggo.de\/index.php\/dein-potential\/","title":{"rendered":"100% und MEHR! \u2013 WIE DU DEIN POTENTIAL EXPO.OPTIMAL\u00b2  entfaltest!"},"content":{"rendered":"<p><div class=\"fusion-fullwidth fullwidth-box fusion-builder-row-1 fusion-parallax-none nonhundred-percent-fullwidth non-hundred-percent-height-scrolling\" style=\"--awb-background-position:center top;--awb-border-radius-top-left:0px;--awb-border-radius-top-right:0px;--awb-border-radius-bottom-right:0px;--awb-border-radius-bottom-left:0px;--awb-padding-top:18%;--awb-padding-bottom:12%;--awb-background-color:rgba(27,88,107,0.99);--awb-background-image:linear-gradient(0deg, rgba(255,174,0,0.83) 0%,rgba(255,110,0,0) 51%),url(https:\/\/riggo.de\/wp-content\/uploads\/2019\/10\/about-hero-background.jpg);;--awb-background-size:cover;--awb-flex-wrap:wrap;\" ><div class=\"fusion-builder-row fusion-row\"><div class=\"fusion-layout-column fusion_builder_column fusion-builder-column-0 fusion_builder_column_1_1 1_1 fusion-one-full fusion-column-first fusion-column-last fusion-animated\" style=\"--awb-bg-position:center center;--awb-bg-size:cover;\" data-animationType=\"fadeInUp\" data-animationDuration=\"1.0\" data-animationOffset=\"top-into-view\"><div class=\"fusion-column-wrapper fusion-column-has-shadow fusion-flex-column-wrapper-legacy\"><div class=\"fusion-title title fusion-title-1 fusion-sep-none fusion-title-center fusion-title-text fusion-title-size-one\" style=\"--awb-margin-bottom:0px;--awb-margin-bottom-small:0px;\"><h1 class=\"fusion-title-heading title-heading-center fusion-responsive-typography-calculated\" style=\"margin:0;--fontSize:30;--minFontSize:30;line-height:1.4;\"><span style=\"color: #ffffff;\">WAS WEI\u00dft du \u00fcber Dich?<\/span><span style=\"font-family: 'Luckiest Guy'; font-weight: 400;\" data-fusion-font=\"true\" data-fusion-google-font=\"Luckiest Guy\" data-fusion-google-variant=\"400\" data-fusion-google-subset=\"latin\"><br \/>\n<\/span><\/h1><\/div><div class=\"fusion-clearfix\"><\/div><\/div><\/div><\/div><\/div><div class=\"fusion-fullwidth fullwidth-box fusion-builder-row-2 nonhundred-percent-fullwidth non-hundred-percent-height-scrolling\" style=\"--awb-border-radius-top-left:0px;--awb-border-radius-top-right:0px;--awb-border-radius-bottom-right:0px;--awb-border-radius-bottom-left:0px;--awb-flex-wrap:wrap;\" ><div class=\"fusion-builder-row fusion-row\"><div class=\"fusion-layout-column fusion_builder_column fusion-builder-column-1 fusion_builder_column_1_2 1_2 fusion-one-half fusion-column-first\" style=\"--awb-padding-top:23px;--awb-padding-bottom:50px;--awb-bg-size:cover;width:50%;width:calc(50% - ( ( 4% ) * 0.5 ) );margin-right: 4%;\"><div class=\"fusion-column-wrapper fusion-column-has-shadow fusion-flex-column-wrapper-legacy\"><div class=\"fusion-fa-align-center\"><i class=\"fb-icon-element-1 fb-icon-element fontawesome-icon fa-chart-bar far circle-yes fusion-animated\" style=\"--awb-circlecolor:#d6327c;--awb-circlecolor-hover:#1d00fc;--awb-circlebordersize:0px;--awb-font-size:28.16px;--awb-width:56.32px;--awb-height:56.32px;--awb-line-height:56.32px;--awb-margin-bottom:50px;\" data-animationType=\"slideInLeft\" data-animationDuration=\"0.3\" data-animationOffset=\"top-into-view\"><\/i><\/div><nav class=\"fusion-breadcrumbs fusion-breadcrumbs-1\" style=\"--awb-breadcrumb-sep:&#039;\/&#039;;\" aria-label=\"Breadcrumb\"><ol class=\"awb-breadcrumb-list\"><li class=\"fusion-breadcrumb-item awb-breadcrumb-sep awb-home\" ><a href=\"https:\/\/riggo.de\" class=\"fusion-breadcrumb-link\"><span >Home<\/span><\/a><\/li><\/ol><\/nav><div class=\"fusion-alert alert success alert-success fusion-alert-center fusion-alert-capitalize awb-alert-native-link-color alert-dismissable awb-alert-close-boxed fusion-animated\" role=\"alert\" data-animationType=\"zoomInLeft\" data-animationDuration=\"1.0\" data-animationOffset=\"top-into-view\"><div class=\"fusion-alert-content-wrapper\"><span class=\"alert-icon\"><i class=\"awb-icon-check-circle\" aria-hidden=\"true\"><\/i><\/span><span class=\"fusion-alert-content\">DEINE PERS\u00d6NLICHKEITSENTWICKLUNG<\/span><\/div><button type=\"button\" class=\"close toggle-alert\" data-dismiss=\"alert\" aria-label=\"Close\">&times;<\/button><\/div><style type=\"text\/css\">#fusion-chart-1 .fusion-chart-legend-wrap li:nth-child(1) span{color: #ffffff;}#fusion-chart-1 .fusion-chart-legend-wrap li:nth-child(2) span{color: #ffffff;}#fusion-chart-1 .fusion-chart-legend-wrap li:nth-child(3) span{color: #ffffff;}#fusion-chart-1 .fusion-chart-legend-wrap li:nth-child(4) span{color: #ffffff;}#fusion-chart-1 .fusion-chart-legend-wrap li:nth-child(5) span{color: #ffffff;}#fusion-chart-1 .fusion-chart-legend-wrap li:nth-child(6) span{color: #ffffff;}#fusion-chart-1 .fusion-chart-legend-wrap li:nth-child(7) span{color: #ffffff;}#fusion-chart-1 .fusion-chart-legend-wrap li:nth-child(8) span{color: #ffffff;}#fusion-chart-1 .fusion-chart-legend-wrap li:nth-child(9) span{color: #fbfff4;}<\/style><div id=\"fusion-chart-1\" class=\"fusion-chart legend-top\" data-type=\"line\" data-chart_legend_position=\"top\" data-x_axis_labels=\"STEP 1|STEP 2|STEP 3|STEP 4|STEP 5|STEP 6|UNENDLICHES POTENTIAL\" data-show_tooltips=\"yes\" data-bg_colors=\"rgba(3,169,244,1)|rgba(139,195,74,1)|rgba(255,152,0,1)||||\" data-border_colors=\"rgba(3,169,244,1)|rgba(139,195,74,1)|rgba(255,152,0,1)||||\" data-border_size=\"1\" data-border_type=\"smooth\" data-chart_fill=\"off\" data-chart_point_style=\"circle\" data-chart_point_size=\"3\" data-chart_axis_text_color=\"rgba(102,102,102,1)\" data-chart_gridline_color=\"rgba(0,0,0,0.1)\"><div class=\"fusion-chart-dataset\" data-label=\"RIGGO KONZEPT\" data-values=\"2|5|40|80|100|120|120\" data-background_color=\"rgba(0,188,212,1)\" data-border_color=\"rgba(0,188,212,1)\"><\/div><div class=\"fusion-chart-dataset\" data-label=\"EGO\" data-values=\"99|30|0|30|70|90|120\" data-background_color=\"rgba(40,40,40,1)\" data-border_color=\"rgba(40,40,40,1)\"><\/div><div class=\"fusion-chart-dataset\" data-label=\"DU BIST..\" data-values=\"2|10|20|40|100|120|120\" data-background_color=\"rgba(137,33,178,1)\" data-border_color=\"rgba(137,33,178,1)\"><\/div><div class=\"fusion-chart-dataset\" data-label=\"LIEBE\" data-values=\"30|35|50|60|80|110|120\" data-background_color=\"rgba(255,2,2,1)\" data-border_color=\"rgba(255,2,2,1)\"><\/div><div class=\"fusion-chart-dataset\" data-label=\"GL\u00dcCK \" data-values=\"40|50|60|40|88|110|120\" data-background_color=\"rgba(0,61,247,1)\" data-border_color=\"rgba(0,25,255,1)\"><\/div><div class=\"fusion-chart-dataset\" data-label=\"WOHLBEFINDEN\" data-values=\"60|50|40|30|70|100|120\" data-background_color=\"rgba(255,0,204,1)\" data-border_color=\"rgba(255,0,229,1)\"><\/div><div class=\"fusion-chart-dataset\" data-label=\"GESUNDHEIT\" data-values=\"30|40|60|55|70|75|120\" data-background_color=\"rgba(12,107,0,1)\" data-border_color=\"rgba(0,132,19,1)\"><\/div><div class=\"fusion-chart-dataset\" data-label=\"WISSEN\" data-values=\"20|40|90|50|10|5|1\" data-background_color=\"rgba(255,216,0,1)\" data-border_color=\"rgba(255,238,5,1)\"><\/div><div class=\"fusion-chart-dataset\" data-label=\"REALIT\u00c4T\" data-values=\"0|20|40|40|40|80|120\" data-background_color=\"rgba(183,255,2,1)\" data-border_color=\"rgba(180,255,5,1)\"><\/div><h4 class=\"fusion-chart-title\">DEINE R\u00dcCKENTWICKLUNG ZU DEM WAS DU BIST.<\/h4><div class=\"fusion-chart-inner\"><div class=\"fusion-chart-wrap\"><canvas><\/canvas><\/div><div class=\"fusion-chart-legend-wrap\"><\/div><\/div><\/div><div class=\"fusion-clearfix\"><\/div><\/div><\/div><div class=\"fusion-layout-column fusion_builder_column fusion-builder-column-2 fusion_builder_column_1_2 1_2 fusion-one-half fusion-column-last\" style=\"--awb-padding-top:141px;--awb-bg-size:cover;width:50%;width:calc(50% - ( ( 4% ) * 0.5 ) );\"><div class=\"fusion-column-wrapper fusion-column-has-shadow fusion-flex-column-wrapper-legacy\"><style type=\"text\/css\">#fusion-chart-2 .fusion-chart-legend-wrap li:nth-child(1) span{color: #ffffff;}#fusion-chart-2 .fusion-chart-legend-wrap li:nth-child(2) span{color: #ffffff;}#fusion-chart-2 .fusion-chart-legend-wrap li:nth-child(3) span{color: #ffffff;}#fusion-chart-2 .fusion-chart-legend-wrap li:nth-child(4) span{color: #ffffff;}<\/style><div id=\"fusion-chart-2\" class=\"fusion-chart legend-top\" data-type=\"pie\" data-chart_legend_position=\"top\" data-x_axis_labels=\"DU NUTZT GERADE 1 % |RIGGO - ERWEITERT DEiN BEWUSSTSEIN |&amp; DEINE NETZWERK KAPAZIT\u00c4TEN|DEIN WAHRES POTENTIAL\" data-show_tooltips=\"yes\" data-bg_colors=\"rgba(3,169,244,1)|rgba(139,195,74,1)|rgba(255,152,0,1)|rgba(204,36,178,0.85)\" data-border_colors=\"rgba(1,145,25,1)|rgba(139,195,74,1)|rgba(255,152,0,1)|\" data-border_size=\"0\" data-border_type=\"smooth\" data-chart_fill=\"off\" data-chart_point_style=\"circle\" data-chart_point_size=\"3\" data-chart_axis_text_color=\"rgba(102,102,102,1)\" data-chart_gridline_color=\"rgba(0,0,0,0.1)\"><div class=\"fusion-chart-dataset\" data-label=\"DEIN POTENTIAL\" data-values=\"1|5|30|100\" data-background_color=\"rgba(0,188,212,1)\" data-border_color=\"rgba(0,188,212,1)\"><\/div><h4 class=\"fusion-chart-title\">DEIN POTENTIAL<\/h4><div class=\"fusion-chart-inner\"><div class=\"fusion-chart-wrap\"><canvas><\/canvas><\/div><div class=\"fusion-chart-legend-wrap\"><\/div><\/div><\/div><div class=\"fusion-clearfix\"><\/div><\/div><\/div><\/div><\/div><div class=\"fusion-fullwidth fullwidth-box fusion-builder-row-3 nonhundred-percent-fullwidth non-hundred-percent-height-scrolling\" style=\"--awb-border-radius-top-left:0px;--awb-border-radius-top-right:0px;--awb-border-radius-bottom-right:0px;--awb-border-radius-bottom-left:0px;--awb-padding-top:6%;--awb-padding-bottom:4%;--awb-background-color:#cefff4;--awb-flex-wrap:wrap;\" ><div class=\"fusion-builder-row fusion-row\"><div class=\"fusion-layout-column fusion_builder_column fusion-builder-column-3 fusion_builder_column_1_1 1_1 fusion-one-full fusion-column-first fusion-column-last fusion-animated\" style=\"--awb-padding-bottom:20px;--awb-bg-size:cover;\" data-animationType=\"fadeInUp\" data-animationDuration=\"1.0\" data-animationOffset=\"top-into-view\"><div class=\"fusion-column-wrapper fusion-column-has-shadow fusion-flex-column-wrapper-legacy\"><div class=\"fusion-text fusion-text-1\"><p style=\"text-align: center;\"><span style=\"color: #a794a4;\"><strong><span style=\"color: rgb(234, 14, 230);\">WE ARE YOU<\/span><\/strong><\/span><\/p>\n<\/div><div class=\"fusion-title title fusion-title-2 fusion-sep-none fusion-title-center fusion-title-text fusion-title-size-two\" style=\"--awb-text-color:#2b4bff;--awb-margin-top:-30px;\"><h2 class=\"fusion-title-heading title-heading-center fusion-responsive-typography-calculated\" style=\"margin:0;--fontSize:70;line-height:1.4;\">RIGGO academy &amp; <span data-fusion-font=\"true\" data-fusion-google-font=\"Quattrocento\" data-fusion-google-variant=\"400\" data-fusion-google-subset=\"latin\" style=\"font-family: Quattrocento; font-weight: 400;\">5D<\/span> network<\/h2><\/div><div class=\"fusion-builder-row fusion-builder-row-inner fusion-row\"><div class=\"fusion-layout-column fusion_builder_column_inner fusion-builder-nested-column-0 fusion_builder_column_inner_1_6 1_6 fusion-one-sixth fusion-column-first\" style=\"--awb-bg-size:cover;width:16.666666666667%;width:calc(16.666666666667% - ( ( 4% + 4% ) * 0.16666666666667 ) );margin-right: 4%;\"><div class=\"fusion-column-wrapper fusion-column-has-shadow fusion-flex-column-wrapper-legacy\"><div class=\"fusion-clearfix\"><\/div><\/div><\/div><div class=\"fusion-layout-column fusion_builder_column_inner fusion-builder-nested-column-1 fusion_builder_column_inner_2_3 2_3 fusion-two-third\" style=\"--awb-bg-size:cover;width:66.666666666667%;width:calc(66.666666666667% - ( ( 4% + 4% ) * 0.66666666666667 ) );margin-right: 4%;\"><div class=\"fusion-column-wrapper fusion-column-has-shadow fusion-flex-column-wrapper-legacy\"><div class=\"fusion-text fusion-text-2\"><p>\u00a0<\/p>\n<p style=\"text-align: center;\"><span style=\"color: #800080;\"><strong>&#8220; DAS LEBEN IST EIN AUFREGENDES ABENTEUER &#8220; &#8211; ODER GAR NICHTS!<\/strong><\/span><\/p>\n<blockquote>\n<p><span style=\"color: #008080;\"><strong>BIST DU BEREIT &#8211; EINE REISE ANZUTRETEN &#8211; EINE ENTSCHEIDUNG ZU TREFFEN &#8211; EINEN QUANTENSPRUNG AUSZUL\u00d6SEN, DER ALLES UM DICH POSITIV VER\u00c4NDERN WIRD &#8211;\u00a0 DIR JEDOCH DAS GEF\u00dcHL GEBEN WIRD IN EINE V\u00d6LLIG NEUE REALIT\u00c4T ZU ERWACHEN ?<\/strong><\/span><\/p>\n<\/blockquote>\n<p>F\u00dcHLST DU DICH BERUFEN UND BEREIT, DIESEN SCHRITT ZU GEHEN, WIRD ALLES WAS BISHER WAR, KEINE BEDEUTUNG MEHR BESITZEN. DU WIRST AUS DEM KINDE &#8211; ERWACHSEN. DU WIRST ENDLICH ERKENNEN WER DU WIRKLICH BIST UND SEIN KANNST. DIESER PROZESS ERFORDERT MANCHMAL ETWAS MUT,\u00a0 LOSZULASSEN.\u00a0 DU WIRST ALTE GEWOHNHEITEN, ENERGIEN, SYSTEME ALS NICHT MEHR DIENLICH BETRACHTEN. SIE WERDEN DURCH BESSERE PROGRAMME ERSETZT WERDEN.<\/p>\n<p>DAS ALLES H\u00d6RT SICH ETWAS GEHEIMNISVOLL UND MYSTISCH AN, ES IST ABER DIE FREUDE, UNSERE UNGLAUBLICHE VORFREUDE DAR\u00dcBER, WAS DICH ERWARTET, WEIL WIR WISSEN WAS GENAU DICH ERWARTET, UND WIR SO GESPANNT SIND, DICH IN DEINER\u00a0 NEUEN UMGEBUNG ZU BEGR\u00dcSSEN UND DIESE ERFAHRUNG MIT DIR TEILEN ZU D\u00dcRFEN. VERLIERE KEINE ZEIT, DU WIRST JEDE SEKUNDE DAVON LIEBEN.<\/p>\n<p>WIR WERDEN DIR HALT GEBEN, WIR SIND IM LICHT WELCHES DIR DIENT, WEIL WIR ALLES, WAS DIR SO SONDERBAR ERSCHEINT, WAS DU AB DIESEM ZEITPUNKT \u00dcBER DICH UND DEINE &#8222;UMGEBUNG&#8220; IN ERFAHRUNG BRINGST UND F\u00dcHLEN WIRST, NUR ZU GUT KENNEN. JEDER VON UNS HAT DIESEN SCHRITT BEREITS ERFAHREN UND BEFINDET SICH NOCH AUF DIESEM WUNDERBAREN WEG. DU GEHST DIESEN SCHRITT ALSO NICHT ALLEINE. DENNOCH GLEICHT DEIN WEG KEINEM ANDEREN &#8211;\u00a0 ER WIRD SO INDIVIDUELL, SO WUNDERBAR, SO UNGLAUBLICH, WIE DU SELBST. LASS LOS UND GENIESSE DIE FAHRT. GENIESSE WER..\u00a0 DU BIST..<\/p>\n<p><span style=\"color: #008080;\"><strong>NIMM DEIN LEBEN AB JETZT SELBST IN DIE HAND. ES WIRD EIN RIESEN SPASS!! DU SITZT AB HEUTE HINTER DEM STEUER!<\/strong><\/span><\/p>\n<p><span style=\"color: #008080;\"><strong>NICHTS UND NIEMAND KANN UND WIRD DICH MEHR AUFHALTEN K\u00d6NNEN!<\/strong><\/span><\/p>\n<p>ALLES IST BEREIT F\u00dcR DICH &#8211; DU KANNST MIT DEINER ERKUNDUNGSREISE BEGINNEN WOIMMER ES DIR SPASS UND FREUDE MACHT. LEBE UND LIEBE IM JETZT &#8211; GENIESSE JEDEN TAG; JEDE SEKUNDE, ATME TIEF EIN &#8211; SEI RUHIG, ENTSPANNT- SIEH DIE DINGE GELASSEN &#8211; SEI IMMER DER, DER DU BIST &#8211; BLEIB DIR TREU. LERNE DEINE FEHLER, SCHW\u00c4CHEN UND ALLE DINGE DIE DU AM LIEBSTEN IN DEINEM LEBEN AUSRADIEREN W\u00dcRDEST, ALS DAS ZU LIEBEN WAS SIE SIND, DENN SIE SIND DAS BESTE WAS DIR PASSIEREN KONNTE. LACHE DAR\u00dcBER UND FREUE DICH, DENN DU HAST AB HEUTE JEDEN GRUND DAZU.<\/p>\n<\/div><div class=\"fusion-clearfix\"><\/div><\/div><\/div><div class=\"fusion-layout-column fusion_builder_column_inner fusion-builder-nested-column-2 fusion_builder_column_inner_1_6 1_6 fusion-one-sixth fusion-column-last\" style=\"--awb-bg-size:cover;width:16.666666666667%;width:calc(16.666666666667% - ( ( 4% + 4% ) * 0.16666666666667 ) );\"><div class=\"fusion-column-wrapper fusion-column-has-shadow fusion-flex-column-wrapper-legacy\"><div class=\"fusion-clearfix\"><\/div><\/div><\/div><\/div><div class=\"fusion-clearfix\"><\/div><\/div><\/div><\/div><\/div><div class=\"fusion-fullwidth fullwidth-box fusion-builder-row-4 nonhundred-percent-fullwidth non-hundred-percent-height-scrolling\" style=\"--awb-border-radius-top-left:0px;--awb-border-radius-top-right:0px;--awb-border-radius-bottom-right:0px;--awb-border-radius-bottom-left:0px;--awb-flex-wrap:wrap;\" ><div class=\"fusion-builder-row fusion-row\"><div class=\"fusion-layout-column fusion_builder_column fusion-builder-column-4 fusion_builder_column_1_1 1_1 fusion-one-full fusion-column-first fusion-column-last\" style=\"--awb-bg-size:cover;\"><div class=\"fusion-column-wrapper fusion-column-has-shadow fusion-flex-column-wrapper-legacy\"><div class=\"fusion-image-element in-legacy-container\" style=\"--awb-caption-title-font-family:var(--h2_typography-font-family);--awb-caption-title-font-weight:var(--h2_typography-font-weight);--awb-caption-title-font-style:var(--h2_typography-font-style);--awb-caption-title-size:var(--h2_typography-font-size);--awb-caption-title-transform:var(--h2_typography-text-transform);--awb-caption-title-line-height:var(--h2_typography-line-height);--awb-caption-title-letter-spacing:var(--h2_typography-letter-spacing);\"><span class=\" fusion-imageframe imageframe-none imageframe-1 hover-type-none fusion-animated\" style=\"border-radius:134px;\" data-animationType=\"slideInLeft\" data-animationDuration=\"0.8\" data-animationOffset=\"top-into-view\"><a class=\"fusion-no-lightbox\" href=\"https:\/\/riggo.de\/index.php\/2020\/04\/03\/ein-netzwerk-das-du-selber-bist\/\" target=\"_self\" aria-label=\"high-angle-view-of-lying-down-on-grass-258330\"><img decoding=\"async\" width=\"1024\" height=\"768\" src=\"https:\/\/riggo.de\/wp-content\/uploads\/2020\/04\/high-angle-view-of-lying-down-on-grass-258330-1024x768.jpg\" alt class=\"img-responsive wp-image-1450\" srcset=\"https:\/\/riggo.de\/wp-content\/uploads\/2020\/04\/high-angle-view-of-lying-down-on-grass-258330-200x150.jpg 200w, https:\/\/riggo.de\/wp-content\/uploads\/2020\/04\/high-angle-view-of-lying-down-on-grass-258330-400x300.jpg 400w, https:\/\/riggo.de\/wp-content\/uploads\/2020\/04\/high-angle-view-of-lying-down-on-grass-258330-600x450.jpg 600w, https:\/\/riggo.de\/wp-content\/uploads\/2020\/04\/high-angle-view-of-lying-down-on-grass-258330-800x600.jpg 800w, https:\/\/riggo.de\/wp-content\/uploads\/2020\/04\/high-angle-view-of-lying-down-on-grass-258330-1200x900.jpg 1200w\" sizes=\"(max-width: 800px) 100vw, 1200px\" \/><\/a><\/span><\/div><div class=\"fusion-clearfix\"><\/div><\/div><\/div><\/div><\/div><div class=\"fusion-fullwidth fullwidth-box fusion-builder-row-5 fusion-parallax-none nonhundred-percent-fullwidth non-hundred-percent-height-scrolling\" style=\"--awb-background-position:center bottom;--awb-border-radius-top-left:0px;--awb-border-radius-top-right:0px;--awb-border-radius-bottom-right:0px;--awb-border-radius-bottom-left:0px;--awb-padding-bottom:4%;--awb-background-image:linear-gradient(180deg, #ffffff 0%,rgba(231,204,182,0.49) 100%),url(https:\/\/riggo.de\/wp-content\/uploads\/2019\/10\/cta-background-mandala.jpg);;--awb-background-size:cover;--awb-flex-wrap:wrap;\" ><div class=\"fusion-builder-row fusion-row\"><div class=\"fusion-layout-column fusion_builder_column fusion-builder-column-5 fusion_builder_column_1_6 1_6 fusion-one-sixth fusion-column-first\" style=\"--awb-bg-size:cover;width:16.666666666667%;width:calc(16.666666666667% - ( ( 4% + 4% ) * 0.16666666666667 ) );margin-right: 4%;\"><div class=\"fusion-column-wrapper fusion-column-has-shadow fusion-flex-column-wrapper-legacy\"><div class=\"fusion-clearfix\"><\/div><\/div><\/div><div class=\"fusion-layout-column fusion_builder_column fusion-builder-column-6 fusion_builder_column_2_3 2_3 fusion-two-third fusion-animated\" style=\"--awb-padding-top:60px;--awb-padding-right:30px;--awb-padding-bottom:60px;--awb-padding-left:30px;--awb-overflow:hidden;--awb-bg-color:#ffffff;--awb-bg-color-hover:#ffffff;--awb-bg-image:linear-gradient(0deg, rgba(231,204,182,0.76) 0%,rgba(231,204,182,0) 100%);--awb-bg-size:cover;--awb-box-shadow:0px 10px 30px 0px rgba(204,176,146,0.88);;--awb-border-radius:12px 12px 12px 12px;--awb-margin-top:-30px;--awb-margin-bottom:60px;width:66.666666666667%;width:calc(66.666666666667% - ( ( 4% + 4% ) * 0.66666666666667 ) );margin-right: 4%;\" data-animationType=\"fadeInUp\" data-animationDuration=\"1.0\" data-animationOffset=\"top-into-view\"><div class=\"fusion-column-wrapper fusion-column-has-shadow fusion-flex-column-wrapper-legacy\"><div class=\"fusion-text fusion-text-3\"><p style=\"text-align: center;\"><span style=\"color: #a794a4;\"><strong>Wie schaffe ich am schnellsten den Sprung nach vorne..<\/strong><\/span><\/p>\n<\/div><div class=\"fusion-title title fusion-title-3 fusion-sep-none fusion-title-center fusion-title-text fusion-title-size-two\" style=\"--awb-margin-top:-30px;--awb-margin-bottom:10px;--awb-margin-bottom-small:10px;--awb-font-size:60px;\"><h2 class=\"fusion-title-heading title-heading-center fusion-responsive-typography-calculated\" style=\"margin:0;font-size:1em;--fontSize:60;line-height:1.4;\">Hier geh\u00b4t los<\/h2><\/div><div class=\"fusion-aligncenter\"><a class=\"fusion-button button-flat fusion-button-default-size button-default fusion-button-default button-1 fusion-button-default-span fusion-button-default-type\" style=\"--button_text_transform:uppercase;\" target=\"_self\" href=\"https:\/\/riggo.de\/index.php\/2020\/04\/03\/ein-netzwerk-das-du-selber-bist\/\"><span class=\"fusion-button-text awb-button__text awb-button__text--default\">Wie Du dich selbst sehen solltest damit du endlich dein nat\u00fcrlich vorhandenes Potential aussch\u00f6pfen kannst.. <\/span><\/a><\/div><div class=\"fusion-clearfix\"><\/div><\/div><\/div><div class=\"fusion-layout-column fusion_builder_column fusion-builder-column-7 fusion_builder_column_1_6 1_6 fusion-one-sixth fusion-column-last fusion-no-small-visibility fusion-no-medium-visibility\" style=\"--awb-bg-size:cover;width:16.666666666667%;width:calc(16.666666666667% - ( ( 4% + 4% ) * 0.16666666666667 ) );\"><div class=\"fusion-column-wrapper fusion-column-has-shadow fusion-flex-column-wrapper-legacy\"><div class=\"fusion-clearfix\"><\/div><\/div><\/div><\/div><\/div><\/p>\n","protected":false},"excerpt":{"rendered":"","protected":false},"author":1,"featured_media":0,"parent":0,"menu_order":0,"comment_status":"closed","ping_status":"closed","template":"100-width.php","meta":{"_price":"","_stock":"","_tribe_ticket_header":"","_tribe_default_ticket_provider":"","_ticket_start_date":"","_ticket_end_date":"","_tribe_ticket_show_description":"","_tribe_ticket_show_not_going":false,"_tribe_ticket_use_global_stock":"","_tribe_ticket_global_stock_level":"","_global_stock_mode":"","_global_stock_cap":"","_tribe_rsvp_for_event":"","_tribe_ticket_going_count":"","_tribe_ticket_not_going_count":"","_tribe_tickets_list":"[]","_tribe_ticket_has_attendee_info_fields":false,"footnotes":"","_tec_slr_enabled":"","_tec_slr_layout":""},"class_list":["post-1041","page","type-page","status-publish","hentry"],"jetpack_sharing_enabled":true,"ticketed":false,"_links":{"self":[{"href":"https:\/\/riggo.de\/index.php\/wp-json\/wp\/v2\/pages\/1041","targetHints":{"allow":["GET"]}}],"collection":[{"href":"https:\/\/riggo.de\/index.php\/wp-json\/wp\/v2\/pages"}],"about":[{"href":"https:\/\/riggo.de\/index.php\/wp-json\/wp\/v2\/types\/page"}],"author":[{"embeddable":true,"href":"https:\/\/riggo.de\/index.php\/wp-json\/wp\/v2\/users\/1"}],"replies":[{"embeddable":true,"href":"https:\/\/riggo.de\/index.php\/wp-json\/wp\/v2\/comments?post=1041"}],"version-history":[{"count":24,"href":"https:\/\/riggo.de\/index.php\/wp-json\/wp\/v2\/pages\/1041\/revisions"}],"predecessor-version":[{"id":1460,"href":"https:\/\/riggo.de\/index.php\/wp-json\/wp\/v2\/pages\/1041\/revisions\/1460"}],"wp:attachment":[{"href":"https:\/\/riggo.de\/index.php\/wp-json\/wp\/v2\/media?parent=1041"}],"curies":[{"name":"wp","href":"https:\/\/api.w.org\/{rel}","templated":true}]}}